{"id":62,"date":"2015-11-02T20:21:49","date_gmt":"2015-11-02T20:21:49","guid":{"rendered":"http:\/\/slovencelj.si\/?page_id=62"},"modified":"2015-11-04T21:05:07","modified_gmt":"2015-11-04T21:05:07","slug":"obrazlozitev","status":"publish","type":"page","link":"https:\/\/slovencelj.si\/?page_id=62","title":{"rendered":"slovencelj"},"content":{"rendered":"<p>Slovencelj je beseda za butastega Slovenca, ni\u010d drugega, saj to je \u010disto jasno. Tipi\u010dno je, da se butelj ne more imeti za butlja, ker sploh ne ve, kaj to pomeni, ker je pa\u010d butelj, tega ne ve, in torej je slovencelj &#8211; Svetlana Makarovi\u010d<\/p>\n<p>vir: siol.net<\/p>\n","protected":false},"excerpt":{"rendered":"<p>Slovencelj je beseda za butastega Slovenca, ni\u010d drugega, saj to je \u010disto jasno. Tipi\u010dno je, da se butelj ne more imeti za butlja, ker sploh ne ve, kaj to pomeni, ker je pa\u010d butelj, tega ne ve, in torej je slovencelj &#8211; Svetlana Makarovi\u010d vir: siol.net<\/p>\n","protected":false},"author":1,"featured_media":0,"parent":0,"menu_order":0,"comment_status":"closed","ping_status":"closed","template":"","meta":{"footnotes":""},"class_list":["post-62","page","type-page","status-publish","hentry"],"yoast_head":"<!-- This site is optimized with the Yoast SEO plugin v27.0 - https:\/\/yoast.com\/product\/yoast-seo-wordpress\/ -->\n<title>slovencelj - slovencelj.si<\/title>\n<meta name=\"robots\" content=\"index, follow, max-snippet:-1, max-image-preview:large, max-video-preview:-1\" \/>\n<link rel=\"canonical\" href=\"https:\/\/slovencelj.si\/?page_id=62\" \/>\n<meta property=\"og:locale\" content=\"sl_SI\" \/>\n<meta property=\"og:type\" content=\"article\" \/>\n<meta property=\"og:title\" content=\"slovencelj - slovencelj.si\" \/>\n<meta property=\"og:description\" content=\"Slovencelj je beseda za butastega Slovenca, ni\u010d drugega, saj to je \u010disto jasno. Tipi\u010dno je, da se butelj ne more imeti za butlja, ker sploh ne ve, kaj to pomeni, ker je pa\u010d butelj, tega ne ve, in torej je slovencelj &#8211; Svetlana Makarovi\u010d vir: siol.net\" \/>\n<meta property=\"og:url\" content=\"https:\/\/slovencelj.si\/?page_id=62\" \/>\n<meta property=\"og:site_name\" content=\"slovencelj.si\" \/>\n<meta property=\"article:modified_time\" content=\"2015-11-04T21:05:07+00:00\" \/>\n<meta name=\"twitter:card\" content=\"summary_large_image\" \/>\n<script type=\"application\/ld+json\" class=\"yoast-schema-graph\">{\"@context\":\"https:\/\/schema.org\",\"@graph\":[{\"@type\":\"WebPage\",\"@id\":\"https:\/\/slovencelj.si\/?page_id=62\",\"url\":\"https:\/\/slovencelj.si\/?page_id=62\",\"name\":\"slovencelj - slovencelj.si\",\"isPartOf\":{\"@id\":\"https:\/\/slovencelj.si\/#website\"},\"datePublished\":\"2015-11-02T20:21:49+00:00\",\"dateModified\":\"2015-11-04T21:05:07+00:00\",\"breadcrumb\":{\"@id\":\"https:\/\/slovencelj.si\/?page_id=62#breadcrumb\"},\"inLanguage\":\"sl-SI\",\"potentialAction\":[{\"@type\":\"ReadAction\",\"target\":[\"https:\/\/slovencelj.si\/?page_id=62\"]}]},{\"@type\":\"BreadcrumbList\",\"@id\":\"https:\/\/slovencelj.si\/?page_id=62#breadcrumb\",\"itemListElement\":[{\"@type\":\"ListItem\",\"position\":1,\"name\":\"Home\",\"item\":\"https:\/\/slovencelj.si\/\"},{\"@type\":\"ListItem\",\"position\":2,\"name\":\"slovencelj\"}]},{\"@type\":\"WebSite\",\"@id\":\"https:\/\/slovencelj.si\/#website\",\"url\":\"https:\/\/slovencelj.si\/\",\"name\":\"slovencelj.si\",\"description\":\"\",\"publisher\":{\"@id\":\"https:\/\/slovencelj.si\/#\/schema\/person\/7dde4f82c105118122077ea1ca0d2568\"},\"potentialAction\":[{\"@type\":\"SearchAction\",\"target\":{\"@type\":\"EntryPoint\",\"urlTemplate\":\"https:\/\/slovencelj.si\/?s={search_term_string}\"},\"query-input\":{\"@type\":\"PropertyValueSpecification\",\"valueRequired\":true,\"valueName\":\"search_term_string\"}}],\"inLanguage\":\"sl-SI\"},{\"@type\":[\"Person\",\"Organization\"],\"@id\":\"https:\/\/slovencelj.si\/#\/schema\/person\/7dde4f82c105118122077ea1ca0d2568\",\"name\":\"bokson\",\"image\":{\"@type\":\"ImageObject\",\"inLanguage\":\"sl-SI\",\"@id\":\"https:\/\/slovencelj.si\/#\/schema\/person\/image\/\",\"url\":\"https:\/\/slovencelj.si\/wp-content\/uploads\/2026\/02\/ChatGPT-Image-Feb-19-2026-10_24_18-PM-1024x683.png\",\"contentUrl\":\"https:\/\/slovencelj.si\/wp-content\/uploads\/2026\/02\/ChatGPT-Image-Feb-19-2026-10_24_18-PM-1024x683.png\",\"width\":1024,\"height\":683,\"caption\":\"bokson\"},\"logo\":{\"@id\":\"https:\/\/slovencelj.si\/#\/schema\/person\/image\/\"}}]}<\/script>\n<!-- \/ Yoast SEO plugin. -->","yoast_head_json":{"title":"slovencelj - slovencelj.si","robots":{"index":"index","follow":"follow","max-snippet":"max-snippet:-1","max-image-preview":"max-image-preview:large","max-video-preview":"max-video-preview:-1"},"canonical":"https:\/\/slovencelj.si\/?page_id=62","og_locale":"sl_SI","og_type":"article","og_title":"slovencelj - slovencelj.si","og_description":"Slovencelj je beseda za butastega Slovenca, ni\u010d drugega, saj to je \u010disto jasno. Tipi\u010dno je, da se butelj ne more imeti za butlja, ker sploh ne ve, kaj to pomeni, ker je pa\u010d butelj, tega ne ve, in torej je slovencelj &#8211; Svetlana Makarovi\u010d vir: siol.net","og_url":"https:\/\/slovencelj.si\/?page_id=62","og_site_name":"slovencelj.si","article_modified_time":"2015-11-04T21:05:07+00:00","twitter_card":"summary_large_image","schema":{"@context":"https:\/\/schema.org","@graph":[{"@type":"WebPage","@id":"https:\/\/slovencelj.si\/?page_id=62","url":"https:\/\/slovencelj.si\/?page_id=62","name":"slovencelj - slovencelj.si","isPartOf":{"@id":"https:\/\/slovencelj.si\/#website"},"datePublished":"2015-11-02T20:21:49+00:00","dateModified":"2015-11-04T21:05:07+00:00","breadcrumb":{"@id":"https:\/\/slovencelj.si\/?page_id=62#breadcrumb"},"inLanguage":"sl-SI","potentialAction":[{"@type":"ReadAction","target":["https:\/\/slovencelj.si\/?page_id=62"]}]},{"@type":"BreadcrumbList","@id":"https:\/\/slovencelj.si\/?page_id=62#breadcrumb","itemListElement":[{"@type":"ListItem","position":1,"name":"Home","item":"https:\/\/slovencelj.si\/"},{"@type":"ListItem","position":2,"name":"slovencelj"}]},{"@type":"WebSite","@id":"https:\/\/slovencelj.si\/#website","url":"https:\/\/slovencelj.si\/","name":"slovencelj.si","description":"","publisher":{"@id":"https:\/\/slovencelj.si\/#\/schema\/person\/7dde4f82c105118122077ea1ca0d2568"},"potentialAction":[{"@type":"SearchAction","target":{"@type":"EntryPoint","urlTemplate":"https:\/\/slovencelj.si\/?s={search_term_string}"},"query-input":{"@type":"PropertyValueSpecification","valueRequired":true,"valueName":"search_term_string"}}],"inLanguage":"sl-SI"},{"@type":["Person","Organization"],"@id":"https:\/\/slovencelj.si\/#\/schema\/person\/7dde4f82c105118122077ea1ca0d2568","name":"bokson","image":{"@type":"ImageObject","inLanguage":"sl-SI","@id":"https:\/\/slovencelj.si\/#\/schema\/person\/image\/","url":"https:\/\/slovencelj.si\/wp-content\/uploads\/2026\/02\/ChatGPT-Image-Feb-19-2026-10_24_18-PM-1024x683.png","contentUrl":"https:\/\/slovencelj.si\/wp-content\/uploads\/2026\/02\/ChatGPT-Image-Feb-19-2026-10_24_18-PM-1024x683.png","width":1024,"height":683,"caption":"bokson"},"logo":{"@id":"https:\/\/slovencelj.si\/#\/schema\/person\/image\/"}}]}},"_links":{"self":[{"href":"https:\/\/slovencelj.si\/index.php?rest_route=\/wp\/v2\/pages\/62","targetHints":{"allow":["GET"]}}],"collection":[{"href":"https:\/\/slovencelj.si\/index.php?rest_route=\/wp\/v2\/pages"}],"about":[{"href":"https:\/\/slovencelj.si\/index.php?rest_route=\/wp\/v2\/types\/page"}],"author":[{"embeddable":true,"href":"https:\/\/slovencelj.si\/index.php?rest_route=\/wp\/v2\/users\/1"}],"replies":[{"embeddable":true,"href":"https:\/\/slovencelj.si\/index.php?rest_route=%2Fwp%2Fv2%2Fcomments&post=62"}],"version-history":[{"count":5,"href":"https:\/\/slovencelj.si\/index.php?rest_route=\/wp\/v2\/pages\/62\/revisions"}],"predecessor-version":[{"id":79,"href":"https:\/\/slovencelj.si\/index.php?rest_route=\/wp\/v2\/pages\/62\/revisions\/79"}],"wp:attachment":[{"href":"https:\/\/slovencelj.si\/index.php?rest_route=%2Fwp%2Fv2%2Fmedia&parent=62"}],"curies":[{"name":"wp","href":"https:\/\/api.w.org\/{rel}","templated":true}]}}